{"id":164,"date":"2018-04-25T09:16:47","date_gmt":"2018-04-25T09:16:47","guid":{"rendered":"http:\/\/demo.themefreesia.com\/photograph\/?page_id=10"},"modified":"2018-08-30T14:37:15","modified_gmt":"2018-08-30T12:37:15","slug":"contact","status":"publish","type":"page","link":"https:\/\/flisinski.pl\/?page_id=164","title":{"rendered":"Formularz Kontaktowy"},"content":{"rendered":"<p>\n<div class=\"wpcf7 no-js\" id=\"wpcf7-f174-o1\" lang=\"en-US\" dir=\"ltr\">\n<div class=\"screen-reader-response\"><p role=\"status\" aria-live=\"polite\" aria-atomic=\"true\"><\/p> <ul><\/ul><\/div>\n<form action=\"\/index.php?rest_route=%2Fwp%2Fv2%2Fpages%2F164#wpcf7-f174-o1\" method=\"post\" class=\"wpcf7-form init\" aria-label=\"Contact form\" novalidate=\"novalidate\" data-status=\"init\">\n<div style=\"display: none;\">\n<input type=\"hidden\" name=\"_wpcf7\" value=\"174\" \/>\n<input type=\"hidden\" name=\"_wpcf7_version\" value=\"5.7.4\" \/>\n<input type=\"hidden\" name=\"_wpcf7_locale\" value=\"en_US\" \/>\n<input type=\"hidden\" name=\"_wpcf7_unit_tag\" value=\"wpcf7-f174-o1\" \/>\n<input type=\"hidden\" name=\"_wpcf7_container_post\" value=\"0\" \/>\n<input type=\"hidden\" name=\"_wpcf7_posted_data_hash\" value=\"\" \/>\n<input type=\"hidden\" name=\"_wpcf7_recaptcha_response\" value=\"\" \/>\n<\/div>\n<p><label> Twoje Imi\u0119 (pole obowi\u0105zkowe)<br \/>\n<span class=\"wpcf7-form-control-wrap\" data-name=\"your-name\"><input size=\"40\" class=\"wpcf7-form-control wpcf7-text wpcf7-validates-as-required\" aria-required=\"true\" aria-invalid=\"false\" value=\"\" type=\"text\" name=\"your-name\" \/><\/span> <\/label>\n<\/p>\n<p><label> Tw\u00f3j Email (pole obowi\u0105zkowe)<br \/>\n<span class=\"wpcf7-form-control-wrap\" data-name=\"your-email\"><input size=\"40\" class=\"wpcf7-form-control wpcf7-text wpcf7-email wpcf7-validates-as-required wpcf7-validates-as-email\" aria-required=\"true\" aria-invalid=\"false\" value=\"\" type=\"email\" name=\"your-email\" \/><\/span> <\/label>\n<\/p>\n<p><label> Termin \u015alubu (pole obowi\u0105zkowe)<br \/>\n<span class=\"wpcf7-form-control-wrap\" data-name=\"your-subject\"><input size=\"40\" class=\"wpcf7-form-control wpcf7-text\" aria-invalid=\"false\" value=\"\" type=\"text\" name=\"your-subject\" \/><\/span> <\/label>\n<\/p>\n<p><label> Tre\u015b\u0107 Wiadmo\u015bci<br \/>\n<span class=\"wpcf7-form-control-wrap\" data-name=\"your-message\"><textarea cols=\"40\" rows=\"10\" class=\"wpcf7-form-control wpcf7-textarea\" aria-invalid=\"false\" name=\"your-message\"><\/textarea><\/span> <\/label>\n<\/p>\n\n<p><input class=\"wpcf7-form-control has-spinner wpcf7-submit\" type=\"submit\" value=\"Wy\u015blij\" \/>\n<\/p><div class=\"wpcf7-response-output\" aria-hidden=\"true\"><\/div>\n<\/form>\n<\/div>\n<br \/>\n<span style=\"color: #cfcfcf;\">Wype\u0142niaj\u0105c powy\u017cszy formularz kontaktowy wyra\u017caj\u0105 Pa\u0144stwo zgod\u0119 na przetwarzanie danych w zakresie niezb\u0119dnym do jego realizacji.<\/span><\/p>\n","protected":false},"excerpt":{"rendered":"<p>Wype\u0142niaj\u0105c powy\u017cszy formularz kontaktowy wyra\u017caj\u0105 Pa\u0144stwo zgod\u0119 na przetwarzanie danych w zakresie niezb\u0119dnym do jego realizacji.<\/p>\n","protected":false},"author":1,"featured_media":292,"parent":0,"menu_order":0,"comment_status":"closed","ping_status":"closed","template":"page-templates\/contact-template.php","meta":[],"yoast_head":"<!-- This site is optimized with the Yoast SEO plugin v20.3 - https:\/\/yoast.com\/wordpress\/plugins\/seo\/ -->\n<title>Formularz Kontaktowy - Krzysztof Flisi\u0144ski<\/title>\n<meta name=\"robots\" content=\"index, follow, max-snippet:-1, max-image-preview:large, max-video-preview:-1\" \/>\n<link rel=\"canonical\" href=\"https:\/\/flisinski.pl\/?page_id=164\" \/>\n<meta property=\"og:locale\" content=\"pl_PL\" \/>\n<meta property=\"og:type\" content=\"article\" \/>\n<meta property=\"og:title\" content=\"Formularz Kontaktowy - Krzysztof Flisi\u0144ski\" \/>\n<meta property=\"og:description\" content=\"Wype\u0142niaj\u0105c powy\u017cszy formularz kontaktowy wyra\u017caj\u0105 Pa\u0144stwo zgod\u0119 na przetwarzanie danych w zakresie niezb\u0119dnym do jego realizacji.\" \/>\n<meta property=\"og:url\" content=\"https:\/\/flisinski.pl\/?page_id=164\" \/>\n<meta property=\"og:site_name\" content=\"Krzysztof Flisi\u0144ski\" \/>\n<meta property=\"article:publisher\" content=\"https:\/\/www.facebook.com\/flisinskifoto\" \/>\n<meta property=\"article:modified_time\" content=\"2018-08-30T12:37:15+00:00\" \/>\n<meta property=\"og:image\" content=\"https:\/\/flisinski.pl\/wp-content\/uploads\/2018\/07\/Krzysztof-flisinsk-kontakti.jpg\" \/>\n\t<meta property=\"og:image:width\" content=\"2560\" \/>\n\t<meta property=\"og:image:height\" content=\"1868\" \/>\n\t<meta property=\"og:image:type\" content=\"image\/jpeg\" \/>\n<meta name=\"twitter:card\" content=\"summary_large_image\" \/>\n<script type=\"application\/ld+json\" class=\"yoast-schema-graph\">{\"@context\":\"https:\/\/schema.org\",\"@graph\":[{\"@type\":\"WebPage\",\"@id\":\"https:\/\/flisinski.pl\/?page_id=164\",\"url\":\"https:\/\/flisinski.pl\/?page_id=164\",\"name\":\"Formularz Kontaktowy - Krzysztof Flisi\u0144ski\",\"isPartOf\":{\"@id\":\"https:\/\/flisinski.pl\/#website\"},\"datePublished\":\"2018-04-25T09:16:47+00:00\",\"dateModified\":\"2018-08-30T12:37:15+00:00\",\"breadcrumb\":{\"@id\":\"https:\/\/flisinski.pl\/?page_id=164#breadcrumb\"},\"inLanguage\":\"pl-PL\",\"potentialAction\":[{\"@type\":\"ReadAction\",\"target\":[\"https:\/\/flisinski.pl\/?page_id=164\"]}]},{\"@type\":\"BreadcrumbList\",\"@id\":\"https:\/\/flisinski.pl\/?page_id=164#breadcrumb\",\"itemListElement\":[{\"@type\":\"ListItem\",\"position\":1,\"name\":\"Home\",\"item\":\"https:\/\/flisinski.pl\/\"},{\"@type\":\"ListItem\",\"position\":2,\"name\":\"Formularz Kontaktowy\"}]},{\"@type\":\"WebSite\",\"@id\":\"https:\/\/flisinski.pl\/#website\",\"url\":\"https:\/\/flisinski.pl\/\",\"name\":\"Krzysztof Flisi\u0144ski\",\"description\":\"Krzysztof Flisi\u0144ski - Fotografia \u015alubna\",\"publisher\":{\"@id\":\"https:\/\/flisinski.pl\/#organization\"},\"potentialAction\":[{\"@type\":\"SearchAction\",\"target\":{\"@type\":\"EntryPoint\",\"urlTemplate\":\"https:\/\/flisinski.pl\/?s={search_term_string}\"},\"query-input\":\"required name=search_term_string\"}],\"inLanguage\":\"pl-PL\"},{\"@type\":\"Organization\",\"@id\":\"https:\/\/flisinski.pl\/#organization\",\"name\":\"Krzysztof Flisi\u0144ski\",\"url\":\"https:\/\/flisinski.pl\/\",\"logo\":{\"@type\":\"ImageObject\",\"inLanguage\":\"pl-PL\",\"@id\":\"https:\/\/flisinski.pl\/#\/schema\/logo\/image\/\",\"url\":\"https:\/\/flisinski.pl\/wp-content\/uploads\/2018\/07\/logo2-1.png\",\"contentUrl\":\"https:\/\/flisinski.pl\/wp-content\/uploads\/2018\/07\/logo2-1.png\",\"width\":1219,\"height\":300,\"caption\":\"Krzysztof Flisi\u0144ski\"},\"image\":{\"@id\":\"https:\/\/flisinski.pl\/#\/schema\/logo\/image\/\"},\"sameAs\":[\"https:\/\/www.facebook.com\/flisinskifoto\",\"https:\/\/www.instagram.com\/krzysztof_flisinski\/\"]}]}<\/script>\n<!-- \/ Yoast SEO plugin. -->","yoast_head_json":{"title":"Formularz Kontaktowy - Krzysztof Flisi\u0144ski","robots":{"index":"index","follow":"follow","max-snippet":"max-snippet:-1","max-image-preview":"max-image-preview:large","max-video-preview":"max-video-preview:-1"},"canonical":"https:\/\/flisinski.pl\/?page_id=164","og_locale":"pl_PL","og_type":"article","og_title":"Formularz Kontaktowy - Krzysztof Flisi\u0144ski","og_description":"Wype\u0142niaj\u0105c powy\u017cszy formularz kontaktowy wyra\u017caj\u0105 Pa\u0144stwo zgod\u0119 na przetwarzanie danych w zakresie niezb\u0119dnym do jego realizacji.","og_url":"https:\/\/flisinski.pl\/?page_id=164","og_site_name":"Krzysztof Flisi\u0144ski","article_publisher":"https:\/\/www.facebook.com\/flisinskifoto","article_modified_time":"2018-08-30T12:37:15+00:00","og_image":[{"width":2560,"height":1868,"url":"https:\/\/flisinski.pl\/wp-content\/uploads\/2018\/07\/Krzysztof-flisinsk-kontakti.jpg","type":"image\/jpeg"}],"twitter_card":"summary_large_image","schema":{"@context":"https:\/\/schema.org","@graph":[{"@type":"WebPage","@id":"https:\/\/flisinski.pl\/?page_id=164","url":"https:\/\/flisinski.pl\/?page_id=164","name":"Formularz Kontaktowy - Krzysztof Flisi\u0144ski","isPartOf":{"@id":"https:\/\/flisinski.pl\/#website"},"datePublished":"2018-04-25T09:16:47+00:00","dateModified":"2018-08-30T12:37:15+00:00","breadcrumb":{"@id":"https:\/\/flisinski.pl\/?page_id=164#breadcrumb"},"inLanguage":"pl-PL","potentialAction":[{"@type":"ReadAction","target":["https:\/\/flisinski.pl\/?page_id=164"]}]},{"@type":"BreadcrumbList","@id":"https:\/\/flisinski.pl\/?page_id=164#breadcrumb","itemListElement":[{"@type":"ListItem","position":1,"name":"Home","item":"https:\/\/flisinski.pl\/"},{"@type":"ListItem","position":2,"name":"Formularz Kontaktowy"}]},{"@type":"WebSite","@id":"https:\/\/flisinski.pl\/#website","url":"https:\/\/flisinski.pl\/","name":"Krzysztof Flisi\u0144ski","description":"Krzysztof Flisi\u0144ski - Fotografia \u015alubna","publisher":{"@id":"https:\/\/flisinski.pl\/#organization"},"potentialAction":[{"@type":"SearchAction","target":{"@type":"EntryPoint","urlTemplate":"https:\/\/flisinski.pl\/?s={search_term_string}"},"query-input":"required name=search_term_string"}],"inLanguage":"pl-PL"},{"@type":"Organization","@id":"https:\/\/flisinski.pl\/#organization","name":"Krzysztof Flisi\u0144ski","url":"https:\/\/flisinski.pl\/","logo":{"@type":"ImageObject","inLanguage":"pl-PL","@id":"https:\/\/flisinski.pl\/#\/schema\/logo\/image\/","url":"https:\/\/flisinski.pl\/wp-content\/uploads\/2018\/07\/logo2-1.png","contentUrl":"https:\/\/flisinski.pl\/wp-content\/uploads\/2018\/07\/logo2-1.png","width":1219,"height":300,"caption":"Krzysztof Flisi\u0144ski"},"image":{"@id":"https:\/\/flisinski.pl\/#\/schema\/logo\/image\/"},"sameAs":["https:\/\/www.facebook.com\/flisinskifoto","https:\/\/www.instagram.com\/krzysztof_flisinski\/"]}]}},"jetpack_sharing_enabled":true,"jetpack_shortlink":"https:\/\/wp.me\/PcPZLm-2E","_links":{"self":[{"href":"https:\/\/flisinski.pl\/index.php?rest_route=\/wp\/v2\/pages\/164"}],"collection":[{"href":"https:\/\/flisinski.pl\/index.php?rest_route=\/wp\/v2\/pages"}],"about":[{"href":"https:\/\/flisinski.pl\/index.php?rest_route=\/wp\/v2\/types\/page"}],"author":[{"embeddable":true,"href":"https:\/\/flisinski.pl\/index.php?rest_route=\/wp\/v2\/users\/1"}],"replies":[{"embeddable":true,"href":"https:\/\/flisinski.pl\/index.php?rest_route=%2Fwp%2Fv2%2Fcomments&post=164"}],"version-history":[{"count":8,"href":"https:\/\/flisinski.pl\/index.php?rest_route=\/wp\/v2\/pages\/164\/revisions"}],"predecessor-version":[{"id":551,"href":"https:\/\/flisinski.pl\/index.php?rest_route=\/wp\/v2\/pages\/164\/revisions\/551"}],"wp:featuredmedia":[{"embeddable":true,"href":"https:\/\/flisinski.pl\/index.php?rest_route=\/wp\/v2\/media\/292"}],"wp:attachment":[{"href":"https:\/\/flisinski.pl\/index.php?rest_route=%2Fwp%2Fv2%2Fmedia&parent=164"}],"curies":[{"name":"wp","href":"https:\/\/api.w.org\/{rel}","templated":true}]}}