{"id":162,"date":"2018-04-25T09:15:50","date_gmt":"2018-04-25T09:15:50","guid":{"rendered":"http:\/\/demo.themefreesia.com\/photograph\/?page_id=6"},"modified":"2023-03-24T23:35:56","modified_gmt":"2023-03-24T22:35:56","slug":"fotografia-slubna","status":"publish","type":"page","link":"https:\/\/flisinski.pl\/","title":{"rendered":"Fotografia \u015alubna"},"content":{"rendered":"","protected":false},"excerpt":{"rendered":"","protected":false},"author":1,"featured_media":0,"parent":0,"menu_order":0,"comment_status":"closed","ping_status":"closed","template":"page-templates\/photograph-template.php","meta":[],"yoast_head":"<!-- This site is optimized with the Yoast SEO plugin v20.3 - https:\/\/yoast.com\/wordpress\/plugins\/seo\/ -->\n<title>Fotografia \u015alubna - Krzysztof Flisi\u0144ski<\/title>\n<meta name=\"description\" content=\"Krzysztof Flisi\u0144ski - Fotografia \u015alubna artystyczna, Fotografia Okoliczno\u015bciowa, fotografia Sosnowiec woj. slaskie. Fotografia Okazyjna, plener, wesele, reportaz slubny, zdj\u0119cia slask, fotografia polska, fotografia Sosnowiec, fotografia Dabrowa Gornicza, fotografia Katowiece, fotografia Myslowice, fotografia Bedzin, fotografia Chorzow,\" \/>\n<meta name=\"robots\" content=\"index, follow, max-snippet:-1, max-image-preview:large, max-video-preview:-1\" \/>\n<link rel=\"canonical\" href=\"https:\/\/flisinski.pl\/\" \/>\n<meta property=\"og:locale\" content=\"pl_PL\" \/>\n<meta property=\"og:type\" content=\"article\" \/>\n<meta property=\"og:title\" content=\"Fotografia \u015alubna - Krzysztof Flisi\u0144ski\" \/>\n<meta property=\"og:description\" content=\"Krzysztof Flisi\u0144ski - Fotografia \u015alubna artystyczna, Fotografia Okoliczno\u015bciowa, fotografia Sosnowiec woj. slaskie. Fotografia Okazyjna, plener, wesele, reportaz slubny, zdj\u0119cia slask, fotografia polska, fotografia Sosnowiec, fotografia Dabrowa Gornicza, fotografia Katowiece, fotografia Myslowice, fotografia Bedzin, fotografia Chorzow,\" \/>\n<meta property=\"og:url\" content=\"https:\/\/flisinski.pl\/\" \/>\n<meta property=\"og:site_name\" content=\"Krzysztof Flisi\u0144ski\" \/>\n<meta property=\"article:publisher\" content=\"https:\/\/www.facebook.com\/flisinskifoto\" \/>\n<meta property=\"article:modified_time\" content=\"2023-03-24T22:35:56+00:00\" \/>\n<meta name=\"twitter:card\" content=\"summary_large_image\" \/>\n<script type=\"application\/ld+json\" class=\"yoast-schema-graph\">{\"@context\":\"https:\/\/schema.org\",\"@graph\":[{\"@type\":\"WebPage\",\"@id\":\"https:\/\/flisinski.pl\/\",\"url\":\"https:\/\/flisinski.pl\/\",\"name\":\"Fotografia \u015alubna - Krzysztof Flisi\u0144ski\",\"isPartOf\":{\"@id\":\"https:\/\/flisinski.pl\/#website\"},\"datePublished\":\"2018-04-25T09:15:50+00:00\",\"dateModified\":\"2023-03-24T22:35:56+00:00\",\"description\":\"Krzysztof Flisi\u0144ski - Fotografia \u015alubna artystyczna, Fotografia Okoliczno\u015bciowa, fotografia Sosnowiec woj. slaskie. Fotografia Okazyjna, plener, wesele, reportaz slubny, zdj\u0119cia slask, fotografia polska, fotografia Sosnowiec, fotografia Dabrowa Gornicza, fotografia Katowiece, fotografia Myslowice, fotografia Bedzin, fotografia Chorzow,\",\"breadcrumb\":{\"@id\":\"https:\/\/flisinski.pl\/#breadcrumb\"},\"inLanguage\":\"pl-PL\",\"potentialAction\":[{\"@type\":\"ReadAction\",\"target\":[\"https:\/\/flisinski.pl\/\"]}]},{\"@type\":\"BreadcrumbList\",\"@id\":\"https:\/\/flisinski.pl\/#breadcrumb\",\"itemListElement\":[{\"@type\":\"ListItem\",\"position\":1,\"name\":\"Home\",\"item\":\"https:\/\/flisinski.pl\/\"},{\"@type\":\"ListItem\",\"position\":2,\"name\":\"Fotografia \u015alubna\"}]},{\"@type\":\"WebSite\",\"@id\":\"https:\/\/flisinski.pl\/#website\",\"url\":\"https:\/\/flisinski.pl\/\",\"name\":\"Krzysztof Flisi\u0144ski\",\"description\":\"Krzysztof Flisi\u0144ski - Fotografia \u015alubna\",\"publisher\":{\"@id\":\"https:\/\/flisinski.pl\/#organization\"},\"potentialAction\":[{\"@type\":\"SearchAction\",\"target\":{\"@type\":\"EntryPoint\",\"urlTemplate\":\"https:\/\/flisinski.pl\/?s={search_term_string}\"},\"query-input\":\"required name=search_term_string\"}],\"inLanguage\":\"pl-PL\"},{\"@type\":\"Organization\",\"@id\":\"https:\/\/flisinski.pl\/#organization\",\"name\":\"Krzysztof Flisi\u0144ski\",\"url\":\"https:\/\/flisinski.pl\/\",\"logo\":{\"@type\":\"ImageObject\",\"inLanguage\":\"pl-PL\",\"@id\":\"https:\/\/flisinski.pl\/#\/schema\/logo\/image\/\",\"url\":\"https:\/\/flisinski.pl\/wp-content\/uploads\/2018\/07\/logo2-1.png\",\"contentUrl\":\"https:\/\/flisinski.pl\/wp-content\/uploads\/2018\/07\/logo2-1.png\",\"width\":1219,\"height\":300,\"caption\":\"Krzysztof Flisi\u0144ski\"},\"image\":{\"@id\":\"https:\/\/flisinski.pl\/#\/schema\/logo\/image\/\"},\"sameAs\":[\"https:\/\/www.facebook.com\/flisinskifoto\",\"https:\/\/www.instagram.com\/krzysztof_flisinski\/\"]}]}<\/script>\n<!-- \/ Yoast SEO plugin. -->","yoast_head_json":{"title":"Fotografia \u015alubna - Krzysztof Flisi\u0144ski","description":"Krzysztof Flisi\u0144ski - Fotografia \u015alubna artystyczna, Fotografia Okoliczno\u015bciowa, fotografia Sosnowiec woj. slaskie. Fotografia Okazyjna, plener, wesele, reportaz slubny, zdj\u0119cia slask, fotografia polska, fotografia Sosnowiec, fotografia Dabrowa Gornicza, fotografia Katowiece, fotografia Myslowice, fotografia Bedzin, fotografia Chorzow,","robots":{"index":"index","follow":"follow","max-snippet":"max-snippet:-1","max-image-preview":"max-image-preview:large","max-video-preview":"max-video-preview:-1"},"canonical":"https:\/\/flisinski.pl\/","og_locale":"pl_PL","og_type":"article","og_title":"Fotografia \u015alubna - Krzysztof Flisi\u0144ski","og_description":"Krzysztof Flisi\u0144ski - Fotografia \u015alubna artystyczna, Fotografia Okoliczno\u015bciowa, fotografia Sosnowiec woj. slaskie. Fotografia Okazyjna, plener, wesele, reportaz slubny, zdj\u0119cia slask, fotografia polska, fotografia Sosnowiec, fotografia Dabrowa Gornicza, fotografia Katowiece, fotografia Myslowice, fotografia Bedzin, fotografia Chorzow,","og_url":"https:\/\/flisinski.pl\/","og_site_name":"Krzysztof Flisi\u0144ski","article_publisher":"https:\/\/www.facebook.com\/flisinskifoto","article_modified_time":"2023-03-24T22:35:56+00:00","twitter_card":"summary_large_image","schema":{"@context":"https:\/\/schema.org","@graph":[{"@type":"WebPage","@id":"https:\/\/flisinski.pl\/","url":"https:\/\/flisinski.pl\/","name":"Fotografia \u015alubna - Krzysztof Flisi\u0144ski","isPartOf":{"@id":"https:\/\/flisinski.pl\/#website"},"datePublished":"2018-04-25T09:15:50+00:00","dateModified":"2023-03-24T22:35:56+00:00","description":"Krzysztof Flisi\u0144ski - Fotografia \u015alubna artystyczna, Fotografia Okoliczno\u015bciowa, fotografia Sosnowiec woj. slaskie. Fotografia Okazyjna, plener, wesele, reportaz slubny, zdj\u0119cia slask, fotografia polska, fotografia Sosnowiec, fotografia Dabrowa Gornicza, fotografia Katowiece, fotografia Myslowice, fotografia Bedzin, fotografia Chorzow,","breadcrumb":{"@id":"https:\/\/flisinski.pl\/#breadcrumb"},"inLanguage":"pl-PL","potentialAction":[{"@type":"ReadAction","target":["https:\/\/flisinski.pl\/"]}]},{"@type":"BreadcrumbList","@id":"https:\/\/flisinski.pl\/#breadcrumb","itemListElement":[{"@type":"ListItem","position":1,"name":"Home","item":"https:\/\/flisinski.pl\/"},{"@type":"ListItem","position":2,"name":"Fotografia \u015alubna"}]},{"@type":"WebSite","@id":"https:\/\/flisinski.pl\/#website","url":"https:\/\/flisinski.pl\/","name":"Krzysztof Flisi\u0144ski","description":"Krzysztof Flisi\u0144ski - Fotografia \u015alubna","publisher":{"@id":"https:\/\/flisinski.pl\/#organization"},"potentialAction":[{"@type":"SearchAction","target":{"@type":"EntryPoint","urlTemplate":"https:\/\/flisinski.pl\/?s={search_term_string}"},"query-input":"required name=search_term_string"}],"inLanguage":"pl-PL"},{"@type":"Organization","@id":"https:\/\/flisinski.pl\/#organization","name":"Krzysztof Flisi\u0144ski","url":"https:\/\/flisinski.pl\/","logo":{"@type":"ImageObject","inLanguage":"pl-PL","@id":"https:\/\/flisinski.pl\/#\/schema\/logo\/image\/","url":"https:\/\/flisinski.pl\/wp-content\/uploads\/2018\/07\/logo2-1.png","contentUrl":"https:\/\/flisinski.pl\/wp-content\/uploads\/2018\/07\/logo2-1.png","width":1219,"height":300,"caption":"Krzysztof Flisi\u0144ski"},"image":{"@id":"https:\/\/flisinski.pl\/#\/schema\/logo\/image\/"},"sameAs":["https:\/\/www.facebook.com\/flisinskifoto","https:\/\/www.instagram.com\/krzysztof_flisinski\/"]}]}},"jetpack_sharing_enabled":true,"jetpack_shortlink":"https:\/\/wp.me\/PcPZLm-2C","_links":{"self":[{"href":"https:\/\/flisinski.pl\/index.php?rest_route=\/wp\/v2\/pages\/162"}],"collection":[{"href":"https:\/\/flisinski.pl\/index.php?rest_route=\/wp\/v2\/pages"}],"about":[{"href":"https:\/\/flisinski.pl\/index.php?rest_route=\/wp\/v2\/types\/page"}],"author":[{"embeddable":true,"href":"https:\/\/flisinski.pl\/index.php?rest_route=\/wp\/v2\/users\/1"}],"replies":[{"embeddable":true,"href":"https:\/\/flisinski.pl\/index.php?rest_route=%2Fwp%2Fv2%2Fcomments&post=162"}],"version-history":[{"count":2,"href":"https:\/\/flisinski.pl\/index.php?rest_route=\/wp\/v2\/pages\/162\/revisions"}],"predecessor-version":[{"id":3100,"href":"https:\/\/flisinski.pl\/index.php?rest_route=\/wp\/v2\/pages\/162\/revisions\/3100"}],"wp:attachment":[{"href":"https:\/\/flisinski.pl\/index.php?rest_route=%2Fwp%2Fv2%2Fmedia&parent=162"}],"curies":[{"name":"wp","href":"https:\/\/api.w.org\/{rel}","templated":true}]}}